{"id":37,"date":"2021-03-11T09:00:32","date_gmt":"2021-03-11T08:00:32","guid":{"rendered":"http:\/\/catherinefonder.wordpress.com\/?page_id=37"},"modified":"2021-03-11T19:09:58","modified_gmt":"2021-03-11T18:09:58","slug":"caprices","status":"publish","type":"page","link":"https:\/\/www.pucealoreille.fr\/index.php\/caprices\/","title":{"rendered":"Caprices"},"content":{"rendered":"<p><span style=\"color: #808080;\">~ Le bon d&rsquo;engagement sera valid\u00e9, si possible, deux mois avant la date de la repr\u00e9sentation.<\/span><br \/>\n<span style=\"color: #808080;\"> ~ Nous aimons bien arriver au moins deux heures avant un spectacle pour nous installer et nous familiariser avec les lieux.<\/span><br \/>\n<span style=\"color: #808080;\"> ~ Nous aurions besoin d&rsquo;un espace sc\u00e9nique d&rsquo;environ 4 m\u00e8tres de large sur 4 m\u00e8tres de profondeur.<\/span><br \/>\n<span style=\"color: #808080;\"> ~ Pour avoir un meilleur contact avec le public, essayer d&rsquo;\u00e9viter de laisser une all\u00e9e centrale entre les chaises.<\/span><br \/>\n<span style=\"color: #808080;\"> ~ Pour le confort des enfants, s&rsquo;il y a des tapis devant la sc\u00e8ne, ils doivent \u00eatre au moins \u00e0 2 m\u00e8tres de celle-ci.<\/span><br \/>\n<span style=\"color: #808080;\"> ~ Nous pouvons mettre \u00e0 votre disposition une estrade (hauteur 25 cm) et du mat\u00e9riel d&rsquo;\u00e9clairage.<br \/>\nDans ce cas, notre technicien se charge de l&rsquo;installation.<\/span><\/p>\n","protected":false},"excerpt":{"rendered":"<p>~ Le bon d&rsquo;engagement sera valid\u00e9, si possible, deux mois avant la date de la repr\u00e9sentation. ~ Nous aimons bien arriver au moins deux heures avant un spectacle pour nous installer et nous familiariser avec les lieux. ~ Nous aurions &hellip; <a href=\"https:\/\/www.pucealoreille.fr\/index.php\/caprices\/\">Continuer la lecture <span class=\"meta-nav\">&rarr;<\/span><\/a><\/p>\n","protected":false},"author":2,"featured_media":0,"parent":0,"menu_order":5,"comment_status":"closed","ping_status":"closed","template":"","meta":[],"_links":{"self":[{"href":"https:\/\/www.pucealoreille.fr\/index.php\/wp-json\/wp\/v2\/pages\/37"}],"collection":[{"href":"https:\/\/www.pucealoreille.fr\/index.php\/wp-json\/wp\/v2\/pages"}],"about":[{"href":"https:\/\/www.pucealoreille.fr\/index.php\/wp-json\/wp\/v2\/types\/page"}],"author":[{"embeddable":true,"href":"https:\/\/www.pucealoreille.fr\/index.php\/wp-json\/wp\/v2\/users\/2"}],"replies":[{"embeddable":true,"href":"https:\/\/www.pucealoreille.fr\/index.php\/wp-json\/wp\/v2\/comments?post=37"}],"version-history":[{"count":8,"href":"https:\/\/www.pucealoreille.fr\/index.php\/wp-json\/wp\/v2\/pages\/37\/revisions"}],"predecessor-version":[{"id":1227,"href":"https:\/\/www.pucealoreille.fr\/index.php\/wp-json\/wp\/v2\/pages\/37\/revisions\/1227"}],"wp:attachment":[{"href":"https:\/\/www.pucealoreille.fr\/index.php\/wp-json\/wp\/v2\/media?parent=37"}],"curies":[{"name":"wp","href":"https:\/\/api.w.org\/{rel}","templated":true}]}}