{"id":350,"date":"2021-03-11T09:00:18","date_gmt":"2021-03-11T08:00:18","guid":{"rendered":"http:\/\/lapucealoreille.me\/?page_id=350"},"modified":"2021-03-11T19:06:15","modified_gmt":"2021-03-11T18:06:15","slug":"videos","status":"publish","type":"page","link":"https:\/\/www.pucealoreille.fr\/index.php\/videos\/","title":{"rendered":"Vid\u00e9os"},"content":{"rendered":"<h4><em><strong>En attendant de vous croiser par ici ou par l\u00e0,<br \/>\nvoici quelques mises en oreilles pour vous mettre La Puce \u00e0 &#8230;<\/strong><\/em><\/h4>\n<h4><em><strong><span style=\"color: #ff6600;\"><span style=\"color: #333333;\"><a style=\"color: #333333;\" href=\"https:\/\/drive.google.com\/open?id=1jJoGFIylKB7FBmVqaL_2G7lqPlnF0BNZ\" target=\"_blank\" rel=\"noopener\">\u00ab\u00a0Cric ! Crac ! Croque!\u00a0\u00bb<\/a><\/span><\/span><\/strong><\/em><\/h4>\n<h4><a href=\"https:\/\/drive.google.com\/file\/d\/1MqDhXx9c5bcpTKmHZ8bZKvzYsk0vAD1l\/view?usp=sharing\" target=\"_blank\" rel=\"noopener\"><em><strong><span style=\"color: #333333;\">\u00ab\u00a0Les M\u00e9chants\u00a0\u00bb<\/span><\/strong><\/em><\/a><\/h4>\n<h4><a href=\"https:\/\/drive.google.com\/file\/d\/1PSit1Fj3SOywGlx7BPX5yUAJ6TWU6ULf\/view?usp=sharing\" target=\"_blank\" rel=\"noopener\"><span style=\"color: #333333;\"><strong><em>\u00ab\u00a0Ch\u00e2taignier de Basile\u00a0\u00bb<\/em><\/strong><\/span><\/a><\/h4>\n<h4><a href=\"https:\/\/drive.google.com\/file\/d\/13WV6odeiLNieAybEGNnqcSM1R04AfaQ0\/view?usp=sharing\" target=\"_blank\" rel=\"noopener\"><em><strong><span style=\"color: #333333;\">\u00ab\u00a0Horizons tous Azimuts\u00a0\u00bb<\/span><\/strong><\/em><\/a><\/h4>\n<h4><a href=\"https:\/\/drive.google.com\/file\/d\/10n_oeUh57wVneYAfm8R-2YQ3lD5ShOWm\/view?usp=sharing\" target=\"_blank\" rel=\"noopener\"><span style=\"color: #333333;\"><em><strong>\u00ab\u00a0Plume d&rsquo;aigle\u00a0\u00bb<\/strong><\/em><\/span><\/a><\/h4>\n<h4><a href=\"https:\/\/drive.google.com\/file\/d\/1fa3sIUZNHT-cS6JNsZDZ-5cjp9Wa0kj6\/view?usp=sharing\" target=\"_blank\" rel=\"noopener\"><em><strong><span style=\"color: #333333;\">\u00ab\u00a0La Tribu des Papareils\u00a0\u00bb<\/span><\/strong><\/em><\/a><\/h4>\n<h4><a href=\"https:\/\/drive.google.com\/file\/d\/18GVHwbHuacnB9lTqPisVd-Ihl3BAdQtH\/view?usp=sharing\" target=\"_blank\" rel=\"noopener\"><span style=\"color: #333333;\"><em><strong>\u00ab\u00a0Trouille et Chocotte\u00a0\u00bb<\/strong><\/em><\/span><\/a><\/h4>\n<h4><a href=\"https:\/\/drive.google.com\/file\/d\/1AT0zXDgNNu_ucsce7BrOGkRX5aQ1kOwq\/view?usp=sharing\" target=\"_blank\" rel=\"noopener\"><strong><em><span style=\"color: #333333;\">\u00ab\u00a0Oinichba Pinicho\u00a0\u00bb<\/span><\/em><\/strong><\/a><\/h4>\n<p>&nbsp;<\/p>\n<p>Quand l&rsquo;hiver est l\u00e0 :<\/p>\n<h4><a href=\"https:\/\/drive.google.com\/file\/d\/1PWRZFdsx7YBr2uxp0hPQBLFRvu7EgcdH\/view?usp=sharing\" target=\"_blank\" rel=\"noopener\"><em><strong><span style=\"color: #333333;\">\u00ab\u00a0D\u00e9cembrrrr&#8230;..\u00a0\u00bb<\/span><\/strong><\/em><\/a><\/h4>\n<h4><a href=\"https:\/\/drive.google.com\/file\/d\/1M3HDcImz-QgJLHqTCf1PKzJjGxbRDJd-\/view?usp=sharing\" target=\"_blank\" rel=\"noopener\"><em><strong><span style=\"color: #333333;\">\u00ab\u00a0Mirliton et Bolduc\u00a0\u00bb<\/span><\/strong><\/em><\/a><\/h4>\n<h4><a href=\"https:\/\/drive.google.com\/file\/d\/1YCfppQfL7ltBImb3lUu-FXTxZYIlfhkY\/view?usp=sharing\" target=\"_blank\" rel=\"noopener\"><em><strong><span style=\"color: #333333;\">\u00ab\u00a0Flocons et Guirlandes\u00a0\u00bb<\/span><\/strong><\/em><\/a><\/h4>\n<h4><a href=\"https:\/\/drive.google.com\/file\/d\/1LbNewzxRX8183fCUspoWQ3sGMSEG8Wo0\/view?usp=sharing\" target=\"_blank\" rel=\"noopener\"><em><span style=\"color: #333333;\"><strong>\u00ab\u00a0March\u00e9 de No\u00ebl \u00e0 Gif\u00a0\u00bb<\/strong><\/span><\/em><\/a><\/h4>\n<p>&nbsp;<\/p>\n<p>&nbsp;<\/p>\n","protected":false},"excerpt":{"rendered":"<p>En attendant de vous croiser par ici ou par l\u00e0, voici quelques mises en oreilles pour vous mettre La Puce \u00e0 &#8230; \u00ab\u00a0Cric ! Crac ! Croque!\u00a0\u00bb \u00ab\u00a0Les M\u00e9chants\u00a0\u00bb \u00ab\u00a0Ch\u00e2taignier de Basile\u00a0\u00bb \u00ab\u00a0Horizons tous Azimuts\u00a0\u00bb \u00ab\u00a0Plume d&rsquo;aigle\u00a0\u00bb \u00ab\u00a0La Tribu des &hellip; <a href=\"https:\/\/www.pucealoreille.fr\/index.php\/videos\/\">Continuer la lecture <span class=\"meta-nav\">&rarr;<\/span><\/a><\/p>\n","protected":false},"author":2,"featured_media":0,"parent":0,"menu_order":4,"comment_status":"open","ping_status":"open","template":"","meta":[],"_links":{"self":[{"href":"https:\/\/www.pucealoreille.fr\/index.php\/wp-json\/wp\/v2\/pages\/350"}],"collection":[{"href":"https:\/\/www.pucealoreille.fr\/index.php\/wp-json\/wp\/v2\/pages"}],"about":[{"href":"https:\/\/www.pucealoreille.fr\/index.php\/wp-json\/wp\/v2\/types\/page"}],"author":[{"embeddable":true,"href":"https:\/\/www.pucealoreille.fr\/index.php\/wp-json\/wp\/v2\/users\/2"}],"replies":[{"embeddable":true,"href":"https:\/\/www.pucealoreille.fr\/index.php\/wp-json\/wp\/v2\/comments?post=350"}],"version-history":[{"count":41,"href":"https:\/\/www.pucealoreille.fr\/index.php\/wp-json\/wp\/v2\/pages\/350\/revisions"}],"predecessor-version":[{"id":809,"href":"https:\/\/www.pucealoreille.fr\/index.php\/wp-json\/wp\/v2\/pages\/350\/revisions\/809"}],"wp:attachment":[{"href":"https:\/\/www.pucealoreille.fr\/index.php\/wp-json\/wp\/v2\/media?parent=350"}],"curies":[{"name":"wp","href":"https:\/\/api.w.org\/{rel}","templated":true}]}}